{"id":25284,"date":"2025-07-12T10:30:53","date_gmt":"2025-07-12T09:30:53","guid":{"rendered":"https:\/\/zgdspareparts.com\/?page_id=25284"},"modified":"2025-07-12T18:32:12","modified_gmt":"2025-07-12T17:32:12","slug":"about-us","status":"publish","type":"page","link":"https:\/\/zgdspareparts.com\/de\/about-us\/","title":{"rendered":"\u00dcber uns"},"content":{"rendered":"<div data-elementor-type=\"wp-page\" data-elementor-id=\"25284\" class=\"elementor elementor-25284\" data-elementor-post-type=\"page\">\n\t\t\t\t<div class=\"elementor-element elementor-element-25418b85 e-con-full e-flex e-con e-parent\" data-id=\"25418b85\" data-element_type=\"container\" data-settings=\"{&quot;background_background&quot;:&quot;classic&quot;}\">\n\t\t<div class=\"elementor-element elementor-element-18c9b5a1 e-con-full e-flex e-con e-child\" data-id=\"18c9b5a1\" data-element_type=\"container\" data-settings=\"{&quot;background_background&quot;:&quot;classic&quot;}\">\n\t\t<div class=\"elementor-element elementor-element-28d09262 e-con-full e-flex elementor-invisible e-con e-child\" data-id=\"28d09262\" data-element_type=\"container\" data-settings=\"{&quot;animation&quot;:&quot;fadeInUp&quot;}\">\n\t\t\t\t<div class=\"elementor-element elementor-element-6113650d elementor-widget elementor-widget-heading\" data-id=\"6113650d\" data-element_type=\"widget\" data-widget_type=\"heading.default\">\n\t\t\t\t<div class=\"elementor-widget-container\">\n\t\t\t\t\t<h1 class=\"elementor-heading-title elementor-size-default\">\u00dcber uns<\/h1>\t\t\t\t<\/div>\n\t\t\t\t<\/div>\n\t\t\t\t<div class=\"elementor-element elementor-element-14b0b137 elementor-icon-list--layout-inline elementor-list-item-link-full_width elementor-widget elementor-widget-icon-list\" data-id=\"14b0b137\" data-element_type=\"widget\" data-widget_type=\"icon-list.default\">\n\t\t\t\t<div class=\"elementor-widget-container\">\n\t\t\t\t\t\t\t<ul class=\"elementor-icon-list-items elementor-inline-items\">\n\t\t\t\t\t\t\t<li class=\"elementor-icon-list-item elementor-inline-item\">\n\t\t\t\t\t\t\t\t\t\t\t<a href=\"#\">\n\n\t\t\t\t\t\t\t\t\t\t\t<span class=\"elementor-icon-list-text\">Startseite<\/span>\n\t\t\t\t\t\t\t\t\t\t\t<\/a>\n\t\t\t\t\t\t\t\t\t<\/li>\n\t\t\t\t\t\t\t\t<li class=\"elementor-icon-list-item elementor-inline-item\">\n\t\t\t\t\t\t\t\t\t\t\t<a href=\"#\">\n\n\t\t\t\t\t\t\t\t\t\t\t\t<span class=\"elementor-icon-list-icon\">\n\t\t\t\t\t\t\t<i aria-hidden=\"true\" class=\"icon icon-right-arrow\"><\/i>\t\t\t\t\t\t<\/span>\n\t\t\t\t\t\t\t\t\t\t<span class=\"elementor-icon-list-text\">About<\/span>\n\t\t\t\t\t\t\t\t\t\t\t<\/a>\n\t\t\t\t\t\t\t\t\t<\/li>\n\t\t\t\t\t\t<\/ul>\n\t\t\t\t\t\t<\/div>\n\t\t\t\t<\/div>\n\t\t\t\t<\/div>\n\t\t\t\t<\/div>\n\t\t\t\t<\/div>\n\t\t<div class=\"elementor-element elementor-element-4ca37c3c e-flex e-con-boxed e-con e-parent\" data-id=\"4ca37c3c\" data-element_type=\"container\" data-settings=\"{&quot;background_background&quot;:&quot;classic&quot;}\">\n\t\t\t\t\t<div class=\"e-con-inner\">\n\t\t<div class=\"elementor-element elementor-element-61d1cb9c e-con-full e-flex e-con e-child\" data-id=\"61d1cb9c\" data-element_type=\"container\">\n\t\t<div class=\"elementor-element elementor-element-77844e2c e-con-full e-flex e-con e-child\" data-id=\"77844e2c\" data-element_type=\"container\">\n\t\t<div class=\"elementor-element elementor-element-10507db2 e-con-full e-flex elementor-invisible e-con e-child\" data-id=\"10507db2\" data-element_type=\"container\" data-settings=\"{&quot;animation&quot;:&quot;fadeInUp&quot;}\">\n\t\t\t\t<div class=\"elementor-element elementor-element-10c7b7e1 elementor-widget elementor-widget-heading\" data-id=\"10c7b7e1\" data-element_type=\"widget\" data-widget_type=\"heading.default\">\n\t\t\t\t<div class=\"elementor-widget-container\">\n\t\t\t\t\t<h2 class=\"elementor-heading-title elementor-size-default\">\u00dcber ZGD<\/h2>\t\t\t\t<\/div>\n\t\t\t\t<\/div>\n\t\t\t\t<div class=\"elementor-element elementor-element-31c0841c elementor-widget elementor-widget-text-editor\" data-id=\"31c0841c\" data-element_type=\"widget\" data-widget_type=\"text-editor.default\">\n\t\t\t\t<div class=\"elementor-widget-container\">\n\t\t\t\t\t\t\t\t\t<p>ZGD ist ein vertrauter Name unter Kfz-Ersatzteilspezialisten in Osteuropa. Die Marke geht auf die Zeit vor dem Zerfall der Sowjetunion zur\u00fcck \u2013 eine \u00c4ra, in der Verarbeitungsqualit\u00e4t und Langlebigkeit das Fundament der Automobilindustrie bildeten.<\/p><p>Urspr\u00fcnglich in Bulgarien gegr\u00fcndet, begann ZGD mit dem Fokus auf Motorkomponenten, insbesondere Zylinderbuchsen. Der Einsatz widerstandsf\u00e4higer Materialien, strenge Qualit\u00e4tskontrollen und die Einhaltung industrieller Standards verschafften den Produkten von ZGD rasch das Vertrauen von Mechanikern und Fachleuten.<\/p><p>Heute besteht die Marke ZGD in moderner Form weiter, aber unsere Treue zu den urspr\u00fcnglichen Werten bleibt bestehen: Qualit\u00e4t, Langlebigkeit und Vertrauen.<\/p>\t\t\t\t\t\t\t\t<\/div>\n\t\t\t\t<\/div>\n\t\t\t\t<\/div>\n\t\t\t\t<\/div>\n\t\t\t\t<\/div>\n\t\t\t\t\t<\/div>\n\t\t\t\t<\/div>\n\t\t\t\t<\/div>","protected":false},"excerpt":{"rendered":"<p>About Us Home About About ZGD ZGD is a familiar name among automotive spare parts specialists in Eastern Europe. The brand dates back to the era before the collapse of the Soviet Union\u2014a time when build quality and durability were the cornerstones of the automotive industry. Originally established in Bulgaria, ZGD began its journey with [&hellip;]<\/p>","protected":false},"author":1,"featured_media":0,"parent":0,"menu_order":0,"comment_status":"closed","ping_status":"closed","template":"","meta":{"_acf_changed":false,"footnotes":""},"class_list":["post-25284","page","type-page","status-publish","hentry"],"acf":[],"_links":{"self":[{"href":"https:\/\/zgdspareparts.com\/de\/wp-json\/wp\/v2\/pages\/25284","targetHints":{"allow":["GET"]}}],"collection":[{"href":"https:\/\/zgdspareparts.com\/de\/wp-json\/wp\/v2\/pages"}],"about":[{"href":"https:\/\/zgdspareparts.com\/de\/wp-json\/wp\/v2\/types\/page"}],"author":[{"embeddable":true,"href":"https:\/\/zgdspareparts.com\/de\/wp-json\/wp\/v2\/users\/1"}],"replies":[{"embeddable":true,"href":"https:\/\/zgdspareparts.com\/de\/wp-json\/wp\/v2\/comments?post=25284"}],"version-history":[{"count":13,"href":"https:\/\/zgdspareparts.com\/de\/wp-json\/wp\/v2\/pages\/25284\/revisions"}],"predecessor-version":[{"id":25354,"href":"https:\/\/zgdspareparts.com\/de\/wp-json\/wp\/v2\/pages\/25284\/revisions\/25354"}],"wp:attachment":[{"href":"https:\/\/zgdspareparts.com\/de\/wp-json\/wp\/v2\/media?parent=25284"}],"curies":[{"name":"wp","href":"https:\/\/api.w.org\/{rel}","templated":true}]}}